{"id":2621,"date":"2013-06-15T13:53:46","date_gmt":"2013-06-15T10:53:46","guid":{"rendered":"https:\/\/www.saarekytus.ee\/ettevottest\/"},"modified":"2026-03-25T16:31:55","modified_gmt":"2026-03-25T14:31:55","slug":"company","status":"publish","type":"page","link":"https:\/\/www.saarekytus.ee\/en\/company\/","title":{"rendered":"Company"},"content":{"rendered":"<p><strong>Saare K\u00fctus<\/strong> has been selling liquid fuel since 1989 and is one of the first privately owned companies among the Estonian fuel companies.<\/p>\n<p>The company was founded on 4 July 1989 after the liquidation of Saaremaa Oil Company.<br \/>\nAS Saare K\u00fctus has been a member of Eesti \u00d5li\u00fching (Estonian Oil Association) since 1993. According to 1. January 2026 there are 26 employees in the company.<\/p>\n<p><strong>Goals and strategy of Saare K\u00fctus:<\/strong><\/p>\n<ul>\n<li>high-quality fuel for any vehicle<\/li>\n<li>high-quality service for our clients<\/li>\n<li>sustainable operation<\/li>\n<\/ul>\n<p><strong>Main fields of activity:<\/strong><\/p>\n<ul>\n<li>retail and wholesale of liquid fuels, oil and lubricants<\/li>\n<li>providing terminal service<\/li>\n<li>providing transport services<\/li>\n<li>retail sale of car maintenance agents, car accessories, etc, at filling stations<\/li>\n<\/ul>\n<p>At present the retail sales chain of Saare K\u00fctus comprises 5 permanent filling stations. Also there is one station mostly for yachts opened in Kuressaare jahisadam harbour only in summer. Terminal service, based on the container park, is available at 6 Roomassaare Road Kuressaare. Container trucks provide transport service of liquid fuel to clients.<\/p>\n<p>Saare K\u00fctus has an established magnetic-striped card system. There are two cards to choose from &#8211; a <strong>Bonus Card<\/strong> and a <strong>Customer Card<\/strong>.<br \/>\nIn order to offer bigger variety of services to our clients, we collaborate with other fuel companies in Estonia. In cooperation with Eesti Circle K, Alexela, Go Oil, Krooning and Jetoil filling stations,<br \/>\nthe <strong>Customer Card<\/strong> of Saare K\u00fctus can be used for paying fuel and other services all over Estonia.<\/p>\n<p><strong>Thank You for being with us on a road already 37 pleasant years!<\/strong><\/p>\n","protected":false},"excerpt":{"rendered":"<p>Saare K\u00fctuse jaem\u00fc\u00fcgiv\u00f5rgus tegutseb hetkel 7 tanklat. Terminaliteenust pakutakse Kuressaare Roomassaare tee 6 mahutipargi baasil. Paakautodega osutatakse klientidele vedelk\u00fctuse transportteenust. Saare K\u00fctusel on v\u00e4lja t\u00f6\u00f6tatud oma magnetkaardi s\u00fcsteem. Klientide paremaks ja laiahaardelisemaks teenindamiseks teeme koost\u00f6\u00f6d mitmete partneritega nagu Eesti Statoil, Alexela Oil, Go Oil ja Jetoil. Seet\u00f5ttu on Saare K\u00fctuse kliendikaardiga v\u00f5imalik k\u00fctuse ja teenuste eest tasuda \u00fcle kogu Eesti!<\/p>\n","protected":false},"author":1,"featured_media":0,"parent":0,"menu_order":10,"comment_status":"closed","ping_status":"closed","template":"","meta":{"footnotes":"","_links_to":"","_links_to_target":""},"class_list":["post-2621","page","type-page","status-publish","hentry"],"_links":{"self":[{"href":"https:\/\/www.saarekytus.ee\/en\/wp-json\/wp\/v2\/pages\/2621","targetHints":{"allow":["GET"]}}],"collection":[{"href":"https:\/\/www.saarekytus.ee\/en\/wp-json\/wp\/v2\/pages"}],"about":[{"href":"https:\/\/www.saarekytus.ee\/en\/wp-json\/wp\/v2\/types\/page"}],"author":[{"embeddable":true,"href":"https:\/\/www.saarekytus.ee\/en\/wp-json\/wp\/v2\/users\/1"}],"replies":[{"embeddable":true,"href":"https:\/\/www.saarekytus.ee\/en\/wp-json\/wp\/v2\/comments?post=2621"}],"version-history":[{"count":1,"href":"https:\/\/www.saarekytus.ee\/en\/wp-json\/wp\/v2\/pages\/2621\/revisions"}],"predecessor-version":[{"id":3679,"href":"https:\/\/www.saarekytus.ee\/en\/wp-json\/wp\/v2\/pages\/2621\/revisions\/3679"}],"wp:attachment":[{"href":"https:\/\/www.saarekytus.ee\/en\/wp-json\/wp\/v2\/media?parent=2621"}],"curies":[{"name":"wp","href":"https:\/\/api.w.org\/{rel}","templated":true}]}}