{"id":2892,"date":"2024-05-31T18:23:53","date_gmt":"2024-05-31T15:23:53","guid":{"rendered":"https:\/\/www.saarekytus.ee\/cards\/tanklad-ja-muugipunktid\/"},"modified":"2024-06-01T10:03:06","modified_gmt":"2024-06-01T07:03:06","slug":"filling-stations-and-stands","status":"publish","type":"page","link":"https:\/\/www.saarekytus.ee\/en\/cards\/filling-stations-and-stands\/","title":{"rendered":"Filling stations and stands"},"content":{"rendered":"<p><strong>THE CLIENT CARD OF AS SAARE K\u00dcTUS is accepted at filling stations and stands<\/strong><\/p>\n<table style=\"width: 100%;\" border=\"0\" cellspacing=\"2\" cellpadding=\"2\">\n<tbody>\n<tr valign=\"top\" bgcolor=\"#d7d7d7\">\n<td colspan=\"3\"><strong>\u00a0SAARE K\u00dcTUS<\/strong><\/td>\n<\/tr>\n<tr valign=\"top\">\n<td>ROONIM\u00c4E<\/td>\n<td>Saaremaa, Kaarma v. Sikassaare k\u00fcla<br \/>\n<strong>(car wash)<\/strong><\/td>\n<td>+372 4 531 301<\/td>\n<\/tr>\n<tr valign=\"top\">\n<td>PIHTLA TEE<\/td>\n<td>Kuressaare, Pihtla tee 26<\/td>\n<td>+372\u00a04 536 488<\/td>\n<\/tr>\n<tr valign=\"top\">\n<td>AIA<\/td>\n<td>Kuressaare, Aia 59<\/td>\n<td>+372\u00a04 538 318<\/td>\n<\/tr>\n<tr valign=\"top\">\n<td>ROOMASSAARE<\/td>\n<td>Kuressaare, Roomassaare tee 10<\/td>\n<td>+372\u00a04 555 575<\/td>\n<\/tr>\n<tr valign=\"top\">\n<td>ORISSAARE<\/td>\n<td>Kuivastu mnt. 2 Orissaare, Saaremaa<\/td>\n<td>+372\u00a04 545 637<\/td>\n<\/tr>\n<tr valign=\"top\">\n<td><\/td>\n<td><\/td>\n<td><\/td>\n<\/tr>\n<tr valign=\"top\">\n<td colspan=\"3\"><\/td>\n<\/tr>\n<tr valign=\"top\" bgcolor=\"#d7d7d7\">\n<td colspan=\"3\"><strong>\u00a0ALEXELA OIL<\/strong><\/td>\n<\/tr>\n<tr valign=\"top\">\n<td>EHITAJATE TEE<\/td>\n<td>Tallinn, Ehitajate tee 101<\/td>\n<td>+372\u00a06 739 317<\/td>\n<\/tr>\n<tr valign=\"top\">\n<td>MARJA*<\/td>\n<td>Tallinn, Marja 3<\/td>\n<td>+372\u00a053 416 384<\/td>\n<\/tr>\n<tr valign=\"top\">\n<td>PETERBURI TEE<\/td>\n<td>Tallinn, Peterburi tee 77<\/td>\n<td>+372\u00a06 214 994<\/td>\n<\/tr>\n<tr valign=\"top\">\n<td>PIRITA JAHISADAM (open 01.05-31.10)<\/td>\n<td>Tallinn, Regati pst. 1<\/td>\n<td>+372\u00a06 398 797<\/td>\n<\/tr>\n<tr valign=\"top\">\n<td>KUUSALU*<\/td>\n<td>Harjumaa, Kuusalu tee 44<\/td>\n<td>+372\u00a06 729 090<\/td>\n<\/tr>\n<tr valign=\"top\">\n<td>PALDISKI*<\/td>\n<td>Harjumaa, Paldiski, Uue-Tooma 3<\/td>\n<td>+372\u00a06 716 092<\/td>\n<\/tr>\n<tr valign=\"top\">\n<td>LAEVA*<\/td>\n<td>Tartumaa, Laeva<\/td>\n<td>+372\u00a07 351 320<\/td>\n<\/tr>\n<tr valign=\"top\">\n<td>P\u00c4RNU JAHISADAM<\/td>\n<td>P\u00e4rnu, Lootsi 1<\/td>\n<td>+372\u00a04 431 493<\/td>\n<\/tr>\n<tr valign=\"top\">\n<td>V\u00d5ISTE*<\/td>\n<td>P\u00e4rnumaa, V\u00f5iste alev<\/td>\n<td>+372\u00a04 460 185<\/td>\n<\/tr>\n<tr valign=\"top\">\n<td>IMAVERE<\/td>\n<td>J\u00e4rvamaa, Imavere<\/td>\n<td>+372\u00a03 897 630<\/td>\n<\/tr>\n<tr valign=\"top\">\n<td>T\u00dcRI*<\/td>\n<td>J\u00e4rvamaa, T\u00fcri, Viljandi mnt. 15<\/td>\n<td>+372\u00a050 31 099<\/td>\n<\/tr>\n<tr valign=\"top\">\n<td>VIRTSU*<\/td>\n<td>L\u00e4\u00e4nemaa, Virtsu<\/td>\n<td>+372\u00a04 775 154<\/td>\n<\/tr>\n<tr valign=\"top\">\n<td>KARKSI- NUIA*<\/td>\n<td>Viljandimaa, Karksi- Nuia, P\u00e4rnu mnt 2<\/td>\n<td>+372\u00a0556 333 11<\/td>\n<\/tr>\n<tr valign=\"top\">\n<td colspan=\"3\"><\/td>\n<\/tr>\n<tr valign=\"top\" bgcolor=\"#d7d7d7\">\n<td colspan=\"3\"><strong>\u00a0EESTI STATOIL<\/strong><\/td>\n<\/tr>\n<tr valign=\"top\">\n<td>VESSE<\/td>\n<td>Tallinn, Peterburi mnt. 58<\/td>\n<td>+372\u00a06 054 191<\/td>\n<\/tr>\n<tr valign=\"top\">\n<td>LAAGRI<\/td>\n<td>Tallinn, P\u00e4rnu mnt. 552<br \/>\n(car wash)<\/td>\n<td>+372\u00a06 519 626<\/td>\n<\/tr>\n<tr valign=\"top\">\n<td>KADRIORG<\/td>\n<td>Tallinn, Petrooleumi 4<br \/>\n<span style=\"color: inherit; font-family: inherit; font-size: inherit;\">(car wash)<\/span><\/td>\n<td>+372\u00a06 605 710<\/td>\n<\/tr>\n<tr valign=\"top\">\n<td>TAMMSAARE<\/td>\n<td>Tallinn, Tammsaare tee 111<br \/>\n(car wash)<\/td>\n<td>+372\u00a06 543 244<\/td>\n<\/tr>\n<tr valign=\"top\">\n<td>MUSTAM\u00c4E<\/td>\n<td>Tallinn,\u00a0 Sipelga 1\/S\u00f5pruse pst.200b<br \/>\n(car wash)<\/td>\n<td>+372\u00a06\u00a0737\u00a0911<\/td>\n<\/tr>\n<tr valign=\"top\">\n<td>J\u00c4RVEVANA<\/td>\n<td>Tallinn,\u00a0 J\u00e4rvevana tee 2<br \/>\n(car wash)<\/td>\n<td>+372\u00a06 022 648<\/td>\n<\/tr>\n<tr valign=\"top\">\n<td>N\u00d5MME<\/td>\n<td>Tallinn, P\u00e4rnu mnt.147 \/ M\u00e4nniku tee 2<br \/>\n(car wash)<\/td>\n<td>+372\u00a06 722 185<\/td>\n<\/tr>\n<tr valign=\"top\">\n<td>NARVA<\/td>\n<td>Narva, Tallinna mnt. 64<br \/>\n(car wash)<\/td>\n<td>+372\u00a03 560 953<\/td>\n<\/tr>\n<tr valign=\"top\">\n<td>KUKRUSE<\/td>\n<td>Kohtla-J\u00e4rve, Kukruse, Paate 2<\/td>\n<td>+372\u00a03 374 860<\/td>\n<\/tr>\n<tr valign=\"top\">\n<td>VILJANDI<br \/>\n(M\u00c4NNIM\u00c4E)<\/td>\n<td>Viljandi, Riia mnt. 52A<\/td>\n<td>+372\u00a04 336 639<\/td>\n<\/tr>\n<tr valign=\"top\">\n<td>P\u00c4RNU<\/p>\n<p>(PORT ARTUR)<\/td>\n<td>P\u00e4rnu, Hommiku 2<\/td>\n<td>+372\u00a04 473 783<\/td>\n<\/tr>\n<tr valign=\"top\">\n<td>P\u00c4RNU<\/td>\n<td>P\u00e4rnu, Riia mnt. 233<\/td>\n<td>+372\u00a04 430 415<\/td>\n<\/tr>\n<tr valign=\"top\">\n<td>VALGA<\/td>\n<td>Valga, Pikk 1<\/td>\n<td>+372\u00a07 668 844<\/td>\n<\/tr>\n<tr valign=\"top\">\n<td>V\u00d5RU<\/td>\n<td>V\u00f5ru, J\u00fcri 45<\/td>\n<td>+372\u00a07 825 338<\/td>\n<\/tr>\n<tr valign=\"top\">\n<td>TARTU AARDLA<\/td>\n<td>Tartu, V\u00f5ru mnt. 81<br \/>\n(car wash)<\/td>\n<td>+372\u00a07 301 901<\/td>\n<\/tr>\n<tr valign=\"top\">\n<td>TARTU L\u00d5UNAKESKUS<\/td>\n<td>Tartu, Ringtee 71<br \/>\n(car wash)<\/td>\n<td>+372\u00a07 302 231<\/td>\n<\/tr>\n<tr valign=\"top\">\n<td>HAAPSALU<\/p>\n<p>(UUEM\u00d5ISA)<\/td>\n<td>L\u00e4\u00e4nemaa, Ridala v. Uuem\u00f5isa, Tallinna mnt. 75 A<br \/>\n(car wash)<\/td>\n<td>+372\u00a04 733 416<\/td>\n<\/tr>\n<tr valign=\"top\">\n<td>MUSTVEE<\/td>\n<td>J\u00f5gevamaa, Mustvee, Uus-Narva mnt. 5<\/td>\n<td>+372\u00a07 768 516<\/td>\n<\/tr>\n<tr valign=\"top\">\n<td>M\u00c4O<\/td>\n<td>J\u00e4rvamaa, Paide v. M\u00e4o k.<br \/>\n(car wash)<\/td>\n<td>+372\u00a03 851 513<\/td>\n<\/tr>\n<tr valign=\"top\">\n<td>V\u00c4LJAVAHI<br \/>\n(T\u00f5rrem\u00e4e)<\/td>\n<td>L\u00e4\u00e4ne-Virumaa, Rakvere v.,\u00a0 T\u00f5rrem\u00e4e k.<br \/>\n(car wash)<\/td>\n<td>+372\u00a03 223 935<\/td>\n<\/tr>\n<tr valign=\"top\">\n<td><\/td>\n<td><\/td>\n<td><\/td>\n<\/tr>\n<tr valign=\"top\" bgcolor=\"#d7d7d7\">\n<td colspan=\"3\"><strong>\u00a0GO OIL<\/strong><\/td>\n<\/tr>\n<tr valign=\"top\">\n<td>TARTU 1<\/td>\n<td>Tartu, Ringtee 21<\/td>\n<td>+372\u00a07 362 572<\/td>\n<\/tr>\n<tr valign=\"top\">\n<td><\/td>\n<td><\/td>\n<td><\/td>\n<\/tr>\n<tr valign=\"top\" bgcolor=\"#d7d7d7\">\n<td colspan=\"3\"><strong>\u00a0JET OIL<\/strong><\/td>\n<\/tr>\n<tr valign=\"top\">\n<td>K\u00c4RDLA*<\/td>\n<td>Hiiumaa, K\u00f5rgessaare mnt 2a<\/td>\n<td>+372\u00a051 51 836<\/td>\n<\/tr>\n<tr valign=\"top\">\n<td>K\u00c4INA*<\/td>\n<td>Hiiumaa, K\u00e4ina alevik M\u00e4e tn 9<\/td>\n<td>+372\u00a051 51 836<\/td>\n<\/tr>\n<\/tbody>\n<\/table>\n<p>NB! In Stations that are marked with a * can pay only with Saare K\u00fctus creditcard with a PIN-code.<\/p>\n","protected":false},"excerpt":{"rendered":"<p>THE CLIENT CARD OF AS SAARE K\u00dcTUS is accepted at filling stations and stands \u00a0SAARE K\u00dcTUS ROONIM\u00c4E Saaremaa, Kaarma v. Sikassaare k\u00fcla (car wash) +372 4 531 301 PIHTLA TEE Kuressaare, Pihtla tee 26 +372\u00a04 536 488 AIA Kuressaare, Aia 59 +372\u00a04 538 318 ROOMASSAARE Kuressaare, Roomassaare tee 10 +372\u00a04 555 575 ORISSAARE Kuivastu mnt. [&hellip;]<\/p>\n","protected":false},"author":1,"featured_media":0,"parent":2759,"menu_order":30,"comment_status":"closed","ping_status":"closed","template":"","meta":{"footnotes":"","_links_to":"","_links_to_target":""},"class_list":["post-2892","page","type-page","status-publish","hentry"],"_links":{"self":[{"href":"https:\/\/www.saarekytus.ee\/en\/wp-json\/wp\/v2\/pages\/2892","targetHints":{"allow":["GET"]}}],"collection":[{"href":"https:\/\/www.saarekytus.ee\/en\/wp-json\/wp\/v2\/pages"}],"about":[{"href":"https:\/\/www.saarekytus.ee\/en\/wp-json\/wp\/v2\/types\/page"}],"author":[{"embeddable":true,"href":"https:\/\/www.saarekytus.ee\/en\/wp-json\/wp\/v2\/users\/1"}],"replies":[{"embeddable":true,"href":"https:\/\/www.saarekytus.ee\/en\/wp-json\/wp\/v2\/comments?post=2892"}],"version-history":[{"count":4,"href":"https:\/\/www.saarekytus.ee\/en\/wp-json\/wp\/v2\/pages\/2892\/revisions"}],"predecessor-version":[{"id":2903,"href":"https:\/\/www.saarekytus.ee\/en\/wp-json\/wp\/v2\/pages\/2892\/revisions\/2903"}],"up":[{"embeddable":true,"href":"https:\/\/www.saarekytus.ee\/en\/wp-json\/wp\/v2\/pages\/2759"}],"wp:attachment":[{"href":"https:\/\/www.saarekytus.ee\/en\/wp-json\/wp\/v2\/media?parent=2892"}],"curies":[{"name":"wp","href":"https:\/\/api.w.org\/{rel}","templated":true}]}}