{"id":2623,"date":"2013-06-15T13:53:46","date_gmt":"2013-06-15T10:53:46","guid":{"rendered":"https:\/\/www.saarekytus.ee\/ettevottest\/"},"modified":"2024-05-22T19:48:00","modified_gmt":"2024-05-22T16:48:00","slug":"yrityksesta","status":"publish","type":"page","link":"https:\/\/www.saarekytus.ee\/fi\/yrityksesta\/","title":{"rendered":"Yrityksest\u00e4"},"content":{"rendered":"<p><strong>Saare K\u00fctus<\/strong> on toiminut nestem\u00e4isten polttoaineiden myyj\u00e4n\u00e4 vuodesta 1989 alkaen ja on my\u00f6s yksi ensimm\u00e4isist\u00e4 yksityisp\u00e4\u00e4omaan perustuvista liikeyrityksist\u00e4 virolaisten polttoaineyritysten joukossa.<\/p>\n<p>Yritys perustettiin 4.hein\u00e4kuuta 1989 Saaremaa Naftabaasin likvidoinnin j\u00e4lkeen. AS Saare K\u00fctus on Eesti \u00d5li\u00fching-in j\u00e4sen vuodesta 1993.<\/p>\n<p><strong>Saare K\u00fctusen tavoitteet ja ty\u00f6suunnat:<\/strong><\/p>\n<ul>\n<li>hyv\u00e4laatuisen polttoaineen takaaminen joka ajoneuvolle<\/li>\n<li>asiakkaillemme hyv\u00e4laatuisen palvelun tarjoaminen<\/li>\n<li>ymp\u00e4rist\u00f6yst\u00e4v\u00e4llinen toiminta<\/li>\n<\/ul>\n<p><strong>Perustoimintalinjat:<\/strong><\/p>\n<ul>\n<li>polttonesteiden, \u00f6ljyjen ja voiteluaineiden v\u00e4hitt\u00e4is- ja tukkumyynti<\/li>\n<li>terminaalipalvelujen tarjoaminen<\/li>\n<li>kuljetuspalvelujen tarjoaminen<\/li>\n<li>huoltoasemilla autonhuoltov\u00e4lineiden, autotarvikkeiden y.m. tavaroiden v\u00e4hitt\u00e4ismyynti<\/li>\n<\/ul>\n<p>Saare K\u00fctusen v\u00e4hitt\u00e4ismyyntiverkossa toimii t\u00e4ll\u00e4 hetkell\u00e4 6 huoltoasemaa.\u00a0 Nestes\u00e4ili\u00f6autoilla asiakkaille nestem\u00e4isten polttoaineiden kuljetuspalvelu.<\/p>\n<p>Saare K\u00fctusella on oma magneettikorttisysteemi. Asiakkaiden hyv\u00e4ksi ja laajapiirteiseksi palvelemiseksi olemme l\u00f6yt\u00e4neet yhteisty\u00f6kumppaneita Virossa. Yhteisty\u00f6ss\u00e4 Eesti Circle K&#8217;n, Alexelan, Jetoilin, Krooningin ja Go Oilin huoltoasemien kanssa saa Saare K\u00fctusen asiakaskortilla maksaa polttoaineesta ja palveluista koko Virossa.<\/p>\n","protected":false},"excerpt":{"rendered":"<p>Saare K\u00fctuse jaem\u00fc\u00fcgiv\u00f5rgus tegutseb hetkel 7 tanklat. Terminaliteenust pakutakse Kuressaare Roomassaare tee 6 mahutipargi baasil. Paakautodega osutatakse klientidele vedelk\u00fctuse transportteenust. Saare K\u00fctusel on v\u00e4lja t\u00f6\u00f6tatud oma magnetkaardi s\u00fcsteem. Klientide paremaks ja laiahaardelisemaks teenindamiseks teeme koost\u00f6\u00f6d mitmete partneritega nagu Eesti Statoil, Alexela Oil, Go Oil ja Jetoil. Seet\u00f5ttu on Saare K\u00fctuse kliendikaardiga v\u00f5imalik k\u00fctuse ja teenuste eest tasuda \u00fcle kogu Eesti!<\/p>\n","protected":false},"author":1,"featured_media":0,"parent":0,"menu_order":10,"comment_status":"closed","ping_status":"closed","template":"","meta":{"footnotes":"","_links_to":"","_links_to_target":""},"class_list":["post-2623","page","type-page","status-publish","hentry"],"_links":{"self":[{"href":"https:\/\/www.saarekytus.ee\/fi\/wp-json\/wp\/v2\/pages\/2623","targetHints":{"allow":["GET"]}}],"collection":[{"href":"https:\/\/www.saarekytus.ee\/fi\/wp-json\/wp\/v2\/pages"}],"about":[{"href":"https:\/\/www.saarekytus.ee\/fi\/wp-json\/wp\/v2\/types\/page"}],"author":[{"embeddable":true,"href":"https:\/\/www.saarekytus.ee\/fi\/wp-json\/wp\/v2\/users\/1"}],"replies":[{"embeddable":true,"href":"https:\/\/www.saarekytus.ee\/fi\/wp-json\/wp\/v2\/comments?post=2623"}],"version-history":[{"count":0,"href":"https:\/\/www.saarekytus.ee\/fi\/wp-json\/wp\/v2\/pages\/2623\/revisions"}],"wp:attachment":[{"href":"https:\/\/www.saarekytus.ee\/fi\/wp-json\/wp\/v2\/media?parent=2623"}],"curies":[{"name":"wp","href":"https:\/\/api.w.org\/{rel}","templated":true}]}}