{"id":2717,"date":"2013-06-27T19:59:20","date_gmt":"2013-06-27T16:59:20","guid":{"rendered":"https:\/\/www.saarekytus.ee\/huoltoasemat\/aia\/"},"modified":"2025-04-07T11:40:02","modified_gmt":"2025-04-07T08:40:02","slug":"aia-kadun","status":"publish","type":"page","link":"https:\/\/www.saarekytus.ee\/fi\/huoltoasemat\/aia-kadun\/","title":{"rendered":"Aia-kadun"},"content":{"rendered":"<p><strong><a href=\"https:\/\/www.saarekytus.ee\/wp-content\/uploads\/2024\/06\/Aia_10.06.2024.jpg\"><img loading=\"lazy\" decoding=\"async\" class=\"alignright wp-image-101\" src=\"https:\/\/www.saarekytus.ee\/wp-content\/uploads\/2024\/06\/Aia_10.06.2024.jpg\" alt=\"Aia t\u00e4nava tankla\" width=\"331\" height=\"292\" \/><\/a><\/strong><strong>Aia-kadun huoltoasema<\/strong><\/p>\n<p>Osoite: Aia 59, Kuressaare,<br \/>\n93810 Saaremaa, Viro<\/p>\n<p>Puh: +372 453 8318<\/p>\n<p><strong>AVOINNA\u00a0joka p\u00e4iv\u00e4 24h<\/strong><\/p>\n<p>Huoltoasemalla saa k\u00e4ytt\u00e4\u00e4 Circle K Eesti&#8217;in, Jetoil&#8217;in, Krooning&#8217;in ja Go Oil&#8217;in\u00a0asiakaskortteja.<\/p>\n<p><strong>Lis\u00e4palvelut:<\/strong><\/p>\n<ul>\n<li>Kauppa<\/li>\n<li>Auto- ja p\u00e4ivitt\u00e4istavarat<\/li>\n<li>Paineilma<\/li>\n<li>Vesi<\/li>\n<li>Autosalongin itsepalvelup\u00f6lynimuri<\/li>\n<li>Kuumien juomien automaatti<\/li>\n<\/ul>\n<p><strong>Polttoaineet:<\/strong><\/p>\n<ul>\n<li>bensiini 98<\/li>\n<li>bensiini 95<\/li>\n<li>diesel\u00f6ljy<\/li>\n<\/ul>\n<p><strong>Sijainti:<\/strong><\/p>\n<p><iframe loading=\"lazy\" src=\"https:\/\/maps.google.com\/maps\/ms?msa=0&amp;msid=207369124454954066601.0004e038e1f2274c1dd95&amp;ie=UTF8&amp;t=m&amp;ll=58.262158,22.482362&amp;spn=0.007901,0.026822&amp;z=15&amp;output=embed\" width=\"625\" height=\"350\" frameborder=\"0\" marginwidth=\"0\" marginheight=\"0\" scrolling=\"no\"><\/iframe><\/p>\n","protected":false},"excerpt":{"rendered":"<p>Aia-kadun huoltoasema Osoite: Aia 59, Kuressaare, 93810 Saaremaa, Viro Puh: +372 453 8318 AVOINNA\u00a0joka p\u00e4iv\u00e4 24h Huoltoasemalla saa k\u00e4ytt\u00e4\u00e4 Circle K Eesti&#8217;in, Jetoil&#8217;in, Krooning&#8217;in ja Go Oil&#8217;in\u00a0asiakaskortteja. Lis\u00e4palvelut: Kauppa Auto- ja p\u00e4ivitt\u00e4istavarat Paineilma Vesi Autosalongin itsepalvelup\u00f6lynimuri Kuumien juomien automaatti Polttoaineet: bensiini 98 bensiini 95 diesel\u00f6ljy Sijainti:<\/p>\n","protected":false},"author":1,"featured_media":0,"parent":2712,"menu_order":20,"comment_status":"closed","ping_status":"closed","template":"","meta":{"footnotes":"","_links_to":"","_links_to_target":""},"class_list":["post-2717","page","type-page","status-publish","hentry"],"_links":{"self":[{"href":"https:\/\/www.saarekytus.ee\/fi\/wp-json\/wp\/v2\/pages\/2717","targetHints":{"allow":["GET"]}}],"collection":[{"href":"https:\/\/www.saarekytus.ee\/fi\/wp-json\/wp\/v2\/pages"}],"about":[{"href":"https:\/\/www.saarekytus.ee\/fi\/wp-json\/wp\/v2\/types\/page"}],"author":[{"embeddable":true,"href":"https:\/\/www.saarekytus.ee\/fi\/wp-json\/wp\/v2\/users\/1"}],"replies":[{"embeddable":true,"href":"https:\/\/www.saarekytus.ee\/fi\/wp-json\/wp\/v2\/comments?post=2717"}],"version-history":[{"count":4,"href":"https:\/\/www.saarekytus.ee\/fi\/wp-json\/wp\/v2\/pages\/2717\/revisions"}],"predecessor-version":[{"id":3464,"href":"https:\/\/www.saarekytus.ee\/fi\/wp-json\/wp\/v2\/pages\/2717\/revisions\/3464"}],"up":[{"embeddable":true,"href":"https:\/\/www.saarekytus.ee\/fi\/wp-json\/wp\/v2\/pages\/2712"}],"wp:attachment":[{"href":"https:\/\/www.saarekytus.ee\/fi\/wp-json\/wp\/v2\/media?parent=2717"}],"curies":[{"name":"wp","href":"https:\/\/api.w.org\/{rel}","templated":true}]}}