{"id":2724,"date":"2013-06-27T20:05:39","date_gmt":"2013-06-27T17:05:39","guid":{"rendered":"https:\/\/www.saarekytus.ee\/huoltoasemat\/pihtla-tee\/"},"modified":"2025-04-07T11:40:33","modified_gmt":"2025-04-07T08:40:33","slug":"pihtla-tie","status":"publish","type":"page","link":"https:\/\/www.saarekytus.ee\/fi\/huoltoasemat\/pihtla-tie\/","title":{"rendered":"Pihtla tie"},"content":{"rendered":"<p><strong><a href=\"https:\/\/www.saarekytus.ee\/wp-content\/uploads\/2024\/06\/Pihtla-13.06.2024.jpg\"><img loading=\"lazy\" decoding=\"async\" class=\"alignright  wp-image-106\" src=\"https:\/\/www.saarekytus.ee\/wp-content\/uploads\/2024\/06\/Pihtla-13.06.2024.jpg\" alt=\"Pihtla tee tankla\" width=\"325\" height=\"225\" \/><\/a><\/strong><strong>Pihtla tie huoltoasema<\/strong><\/p>\n<p>Osoite: Pihtla tee 26<br \/>\nKuressaare, 93815 Saaremaa, Viro<\/p>\n<p>Puh: +372 453 6488<\/p>\n<p><strong>AVOINNA joka p\u00e4iv\u00e4 07.00 &#8211; 24.00<\/strong><\/p>\n<p>Huoltoasemalla saa k\u00e4ytt\u00e4\u00e4 Circle K Eesti&#8217;in, Jetoil&#8217;in, Krooning&#8217;in ja\u00a0Go Oil&#8217;in asiakaskortteja.<\/p>\n<p><strong>Lis\u00e4palvelut<\/strong>:<\/p>\n<ul>\n<li>Kauppa<\/li>\n<li>Auto- ja p\u00e4ivitt\u00e4istavarat<\/li>\n<li>Paineilma<\/li>\n<li>Vesi<\/li>\n<li>Kuumien juomien automaatti<\/li>\n<\/ul>\n<p><b>Polttoaineet<\/b>:<\/p>\n<ul>\n<li>bensiini 95<\/li>\n<li>bensiini 98<\/li>\n<li>diesel\u00f6ljy<\/li>\n<\/ul>\n<p><strong>Sijainti:<\/strong><\/p>\n<p><iframe loading=\"lazy\" src=\"https:\/\/maps.google.com\/maps\/ms?msa=0&amp;msid=207369124454954066601.0004e038e1f2274c1dd95&amp;ie=UTF8&amp;t=m&amp;ll=58.254188,22.502747&amp;spn=0.007903,0.026822&amp;z=15&amp;output=embed\" width=\"625\" height=\"350\" frameborder=\"0\" marginwidth=\"0\" marginheight=\"0\" scrolling=\"no\"><\/iframe><\/p>\n","protected":false},"excerpt":{"rendered":"<p>Pihtla tie huoltoasema Osoite: Pihtla tee 26 Kuressaare, 93815 Saaremaa, Viro Puh: +372 453 6488 AVOINNA joka p\u00e4iv\u00e4 07.00 &#8211; 24.00 Huoltoasemalla saa k\u00e4ytt\u00e4\u00e4 Circle K Eesti&#8217;in, Jetoil&#8217;in, Krooning&#8217;in ja\u00a0Go Oil&#8217;in asiakaskortteja. Lis\u00e4palvelut: Kauppa Auto- ja p\u00e4ivitt\u00e4istavarat Paineilma Vesi Kuumien juomien automaatti Polttoaineet: bensiini 95 bensiini 98 diesel\u00f6ljy Sijainti:<\/p>\n","protected":false},"author":1,"featured_media":0,"parent":2712,"menu_order":30,"comment_status":"closed","ping_status":"closed","template":"","meta":{"footnotes":"","_links_to":"","_links_to_target":""},"class_list":["post-2724","page","type-page","status-publish","hentry"],"_links":{"self":[{"href":"https:\/\/www.saarekytus.ee\/fi\/wp-json\/wp\/v2\/pages\/2724","targetHints":{"allow":["GET"]}}],"collection":[{"href":"https:\/\/www.saarekytus.ee\/fi\/wp-json\/wp\/v2\/pages"}],"about":[{"href":"https:\/\/www.saarekytus.ee\/fi\/wp-json\/wp\/v2\/types\/page"}],"author":[{"embeddable":true,"href":"https:\/\/www.saarekytus.ee\/fi\/wp-json\/wp\/v2\/users\/1"}],"replies":[{"embeddable":true,"href":"https:\/\/www.saarekytus.ee\/fi\/wp-json\/wp\/v2\/comments?post=2724"}],"version-history":[{"count":5,"href":"https:\/\/www.saarekytus.ee\/fi\/wp-json\/wp\/v2\/pages\/2724\/revisions"}],"predecessor-version":[{"id":3465,"href":"https:\/\/www.saarekytus.ee\/fi\/wp-json\/wp\/v2\/pages\/2724\/revisions\/3465"}],"up":[{"embeddable":true,"href":"https:\/\/www.saarekytus.ee\/fi\/wp-json\/wp\/v2\/pages\/2712"}],"wp:attachment":[{"href":"https:\/\/www.saarekytus.ee\/fi\/wp-json\/wp\/v2\/media?parent=2724"}],"curies":[{"name":"wp","href":"https:\/\/api.w.org\/{rel}","templated":true}]}}