{"id":2744,"date":"2013-06-27T20:11:06","date_gmt":"2013-06-27T17:11:06","guid":{"rendered":"https:\/\/www.saarekytus.ee\/huoltoasemat\/orissaare\/"},"modified":"2024-05-31T16:50:29","modified_gmt":"2024-05-31T13:50:29","slug":"orissaare","status":"publish","type":"page","link":"https:\/\/www.saarekytus.ee\/fi\/huoltoasemat\/orissaare\/","title":{"rendered":"Orissaare"},"content":{"rendered":"<p><a href=\"https:\/\/www.saarekytus.ee\/wp-content\/uploads\/2013\/06\/897_9706.jpg\"><img loading=\"lazy\" decoding=\"async\" class=\"alignright size-medium wp-image-120\" src=\"https:\/\/www.saarekytus.ee\/wp-content\/uploads\/2013\/06\/897_9706-300x225.jpg\" alt=\"Orissaare tankla\" width=\"300\" height=\"225\" srcset=\"https:\/\/www.saarekytus.ee\/wp-content\/uploads\/2013\/06\/897_9706-300x225.jpg 300w, https:\/\/www.saarekytus.ee\/wp-content\/uploads\/2013\/06\/897_9706-1024x768.jpg 1024w, https:\/\/www.saarekytus.ee\/wp-content\/uploads\/2013\/06\/897_9706-624x468.jpg 624w, https:\/\/www.saarekytus.ee\/wp-content\/uploads\/2013\/06\/897_9706.jpg 1600w\" sizes=\"auto, (max-width: 300px) 100vw, 300px\" \/><\/a><strong>Orissaaren huoltoasema<\/strong><\/p>\n<p>Osoite: Aasa, Orissaare, <span class=\"orange_font inner_subtitle\">94601 Saaremaa, Viro<br \/>\n<\/span><br \/>\nPuh: +372 454 5637<\/p>\n<p><b>AVOINNA joka p\u00e4iv\u00e4 06.30 &#8211; 23.30<\/b><\/p>\n<p>Huoltoasemalla saa k\u00e4ytt\u00e4\u00e4 Circle K Eesti&#8217;in, Jetoil&#8217;in, Krooning&#8217;in ja\u00a0Go Oil&#8217;in asiakaskortteja.<\/p>\n<p><b>Lis\u00e4palvelut<\/b>:<\/p>\n<ul>\n<li>Auto- ja p\u00e4ivitt\u00e4istavarat<\/li>\n<\/ul>\n<p><b>Polttoaineet<\/b>:<\/p>\n<ul>\n<li>bensiini 95<\/li>\n<li>bensiini 98<\/li>\n<li>diesel\u00f6ljy<\/li>\n<li>erikoisdiesel\u00f6ljy<\/li>\n<\/ul>\n<p><strong>Sijainti:<\/strong><\/p>\n<p><iframe loading=\"lazy\" src=\"https:\/\/maps.google.com\/maps\/ms?msa=0&amp;msid=207369124454954066601.0004e038e1f2274c1dd95&amp;ie=UTF8&amp;t=m&amp;ll=58.557509,23.077469&amp;spn=0.015671,0.053644&amp;z=14&amp;output=embed\" width=\"625\" height=\"350\" frameborder=\"0\" marginwidth=\"0\" marginheight=\"0\" scrolling=\"no\"><\/iframe><\/p>\n","protected":false},"excerpt":{"rendered":"<p>Orissaaren huoltoasema Osoite: Aasa, Orissaare, 94601 Saaremaa, Viro Puh: +372 454 5637 AVOINNA joka p\u00e4iv\u00e4 06.30 &#8211; 23.30 Huoltoasemalla saa k\u00e4ytt\u00e4\u00e4 Circle K Eesti&#8217;in, Jetoil&#8217;in, Krooning&#8217;in ja\u00a0Go Oil&#8217;in asiakaskortteja. Lis\u00e4palvelut: Auto- ja p\u00e4ivitt\u00e4istavarat Polttoaineet: bensiini 95 bensiini 98 diesel\u00f6ljy erikoisdiesel\u00f6ljy Sijainti:<\/p>\n","protected":false},"author":1,"featured_media":0,"parent":2712,"menu_order":80,"comment_status":"closed","ping_status":"closed","template":"","meta":{"footnotes":"","_links_to":"","_links_to_target":""},"class_list":["post-2744","page","type-page","status-publish","hentry"],"_links":{"self":[{"href":"https:\/\/www.saarekytus.ee\/fi\/wp-json\/wp\/v2\/pages\/2744","targetHints":{"allow":["GET"]}}],"collection":[{"href":"https:\/\/www.saarekytus.ee\/fi\/wp-json\/wp\/v2\/pages"}],"about":[{"href":"https:\/\/www.saarekytus.ee\/fi\/wp-json\/wp\/v2\/types\/page"}],"author":[{"embeddable":true,"href":"https:\/\/www.saarekytus.ee\/fi\/wp-json\/wp\/v2\/users\/1"}],"replies":[{"embeddable":true,"href":"https:\/\/www.saarekytus.ee\/fi\/wp-json\/wp\/v2\/comments?post=2744"}],"version-history":[{"count":2,"href":"https:\/\/www.saarekytus.ee\/fi\/wp-json\/wp\/v2\/pages\/2744\/revisions"}],"predecessor-version":[{"id":2747,"href":"https:\/\/www.saarekytus.ee\/fi\/wp-json\/wp\/v2\/pages\/2744\/revisions\/2747"}],"up":[{"embeddable":true,"href":"https:\/\/www.saarekytus.ee\/fi\/wp-json\/wp\/v2\/pages\/2712"}],"wp:attachment":[{"href":"https:\/\/www.saarekytus.ee\/fi\/wp-json\/wp\/v2\/media?parent=2744"}],"curies":[{"name":"wp","href":"https:\/\/api.w.org\/{rel}","templated":true}]}}