{"id":2751,"date":"2013-06-27T19:56:11","date_gmt":"2013-06-27T16:56:11","guid":{"rendered":"https:\/\/www.saarekytus.ee\/huoltoasemat\/roonimae\/"},"modified":"2025-04-07T11:37:45","modified_gmt":"2025-04-07T08:37:45","slug":"roonimae","status":"publish","type":"page","link":"https:\/\/www.saarekytus.ee\/fi\/huoltoasemat\/roonimae\/","title":{"rendered":"Roonim\u00e4e"},"content":{"rendered":"<p><a href=\"https:\/\/www.saarekytus.ee\/wp-content\/uploads\/2024\/06\/10.06.20242-vaike.jpg\"><img loading=\"lazy\" decoding=\"async\" class=\"alignright wp-image-97\" src=\"https:\/\/www.saarekytus.ee\/wp-content\/uploads\/2024\/06\/10.06.20242-vaike.jpg\" alt=\"Roonim\u00e4e tankla\" width=\"359\" height=\"273\" \/><\/a><strong>Roonim\u00e4e huoltoasema<\/strong><\/p>\n<p>Osoite: Ringtee 2a, <span class=\"orange_font inner_subtitle\">93876 Saaremaa, Viro<br \/>\n<\/span><br \/>\nPuh: +372 453 1301<\/p>\n<p><b>AVOINNA joka p\u00e4iv\u00e4 24h<\/b><\/p>\n<p>Huoltoasemalla saa k\u00e4ytt\u00e4\u00e4 Circle K Eesti &#8217;in, Jetoil&#8217;in, Krooning&#8217;in ja Go Oil&#8217;in asiakaskortteja.<\/p>\n<p><strong>Lis\u00e4palvelut<\/strong>:<\/p>\n<ul>\n<li>Auton konepesu<\/li>\n<li>Kauppa<\/li>\n<li>Auto- ja p\u00e4ivitt\u00e4istavarat<\/li>\n<li>\u00d6ljyt ja voiteluaineet<\/li>\n<li>Autosalongin itsepalvelup\u00f6lynimuri<\/li>\n<li>Paineilma<\/li>\n<li>Vesi<\/li>\n<li>Parkkipaikka<\/li>\n<li>Kuumien juomien automaatti <img loading=\"lazy\" decoding=\"async\" class=\"wp-image-1207 alignright\" src=\"https:\/\/www.saarekytus.ee\/wp-content\/uploads\/2013\/06\/adblue3.jpg\" alt=\"adblue3\" width=\"148\" height=\"198\" srcset=\"https:\/\/www.saarekytus.ee\/wp-content\/uploads\/2013\/06\/adblue3.jpg 1536w, https:\/\/www.saarekytus.ee\/wp-content\/uploads\/2013\/06\/adblue3-225x300.jpg 225w, https:\/\/www.saarekytus.ee\/wp-content\/uploads\/2013\/06\/adblue3-768x1024.jpg 768w, https:\/\/www.saarekytus.ee\/wp-content\/uploads\/2013\/06\/adblue3-624x832.jpg 624w\" sizes=\"auto, (max-width: 148px) 100vw, 148px\" \/><\/li>\n<\/ul>\n<p><strong>Polttoaineet<\/strong>:<\/p>\n<ul>\n<li>bensiini 98<\/li>\n<li>bensiini 95<\/li>\n<li>diesel\u00f6ljy<\/li>\n<li>erikoisdiesel\u00f6ljy<\/li>\n<li>Adblue<\/li>\n<li>talouskaasu<\/li>\n<\/ul>\n<p><b>AUTOPESULA\u00a0avoinna joka p\u00e4iv\u00e4 24h<\/b><\/p>\n<p>Pesuohjelmien hinnat \u20ac 12 &#8211; \u20ac 19<br \/>\nPesula on henkil\u00f6autolle, joiden korkeus on eniten 2,15 m ja leveys 2,05 m, toimii harjapesuna. K\u00e4yt\u00e4mme hyv\u00e4laatuista pesukemiaa.<\/p>\n<ul>\n<li>Eritt\u00e4in likaisten autojen tapauksessa suosittelemme, ett\u00e4 k\u00e4yt\u00e4tte ennen pesua\u00a0<b>Polar Microdegreaser<\/b>\u00a0liuotinainetta.<\/li>\n<li>Pikitahrat auton v\u00e4rip\u00e4\u00e4llyksell\u00e4 huonontavat oluellisesti pesulaatua, sen takia suosittelemme, ett\u00e4 k\u00e4yt\u00e4tte ennen pesua pienpoistoainetta\u00a0<b>Polar Asphalt Stain Remover<\/b>\u00a0liuotinaineen tilalla.<\/li>\n<\/ul>\n<p><strong>Sijainti:<\/strong><\/p>\n<p><iframe loading=\"lazy\" src=\"https:\/\/maps.google.com\/maps\/ms?msa=0&amp;msid=207369124454954066601.0004e038e1f2274c1dd95&amp;ie=UTF8&amp;t=m&amp;ll=58.266402,22.509699&amp;spn=0.0079,0.026822&amp;z=15&amp;output=embed\" width=\"625\" height=\"350\" frameborder=\"0\" marginwidth=\"0\" marginheight=\"0\" scrolling=\"no\"><\/iframe><\/p>\n","protected":false},"excerpt":{"rendered":"<p>Roonim\u00e4e huoltoasema Osoite: Ringtee 2a, 93876 Saaremaa, Viro Puh: +372 453 1301 AVOINNA joka p\u00e4iv\u00e4 24h Huoltoasemalla saa k\u00e4ytt\u00e4\u00e4 Circle K Eesti &#8217;in, Jetoil&#8217;in, Krooning&#8217;in ja Go Oil&#8217;in asiakaskortteja. Lis\u00e4palvelut: Auton konepesu Kauppa Auto- ja p\u00e4ivitt\u00e4istavarat \u00d6ljyt ja voiteluaineet Autosalongin itsepalvelup\u00f6lynimuri Paineilma Vesi Parkkipaikka Kuumien juomien automaatti Polttoaineet: bensiini 98 bensiini 95 diesel\u00f6ljy erikoisdiesel\u00f6ljy Adblue [&hellip;]<\/p>\n","protected":false},"author":1,"featured_media":0,"parent":2712,"menu_order":10,"comment_status":"closed","ping_status":"closed","template":"","meta":{"footnotes":"","_links_to":"","_links_to_target":""},"class_list":["post-2751","page","type-page","status-publish","hentry"],"_links":{"self":[{"href":"https:\/\/www.saarekytus.ee\/fi\/wp-json\/wp\/v2\/pages\/2751","targetHints":{"allow":["GET"]}}],"collection":[{"href":"https:\/\/www.saarekytus.ee\/fi\/wp-json\/wp\/v2\/pages"}],"about":[{"href":"https:\/\/www.saarekytus.ee\/fi\/wp-json\/wp\/v2\/types\/page"}],"author":[{"embeddable":true,"href":"https:\/\/www.saarekytus.ee\/fi\/wp-json\/wp\/v2\/users\/1"}],"replies":[{"embeddable":true,"href":"https:\/\/www.saarekytus.ee\/fi\/wp-json\/wp\/v2\/comments?post=2751"}],"version-history":[{"count":7,"href":"https:\/\/www.saarekytus.ee\/fi\/wp-json\/wp\/v2\/pages\/2751\/revisions"}],"predecessor-version":[{"id":3461,"href":"https:\/\/www.saarekytus.ee\/fi\/wp-json\/wp\/v2\/pages\/2751\/revisions\/3461"}],"up":[{"embeddable":true,"href":"https:\/\/www.saarekytus.ee\/fi\/wp-json\/wp\/v2\/pages\/2712"}],"wp:attachment":[{"href":"https:\/\/www.saarekytus.ee\/fi\/wp-json\/wp\/v2\/media?parent=2751"}],"curies":[{"name":"wp","href":"https:\/\/api.w.org\/{rel}","templated":true}]}}