{"id":2766,"date":"2013-06-27T18:39:19","date_gmt":"2013-06-27T15:39:19","guid":{"rendered":"https:\/\/www.saarekytus.ee\/kortit\/sooduskaart\/"},"modified":"2025-04-08T09:55:03","modified_gmt":"2025-04-08T06:55:03","slug":"etukortti","status":"publish","type":"page","link":"https:\/\/www.saarekytus.ee\/fi\/kortit\/etukortti\/","title":{"rendered":"Etukortti"},"content":{"rendered":"<p><img loading=\"lazy\" decoding=\"async\" class=\"alignright size-medium wp-image-1937\" src=\"https:\/\/www.saarekytus.ee\/wp-content\/uploads\/2023\/02\/SooduskaartSaare-Kutus-esikulg2-300x190.jpg\" alt=\"\" width=\"300\" height=\"190\" srcset=\"https:\/\/www.saarekytus.ee\/wp-content\/uploads\/2023\/02\/SooduskaartSaare-Kutus-esikulg2-300x190.jpg 300w, https:\/\/www.saarekytus.ee\/wp-content\/uploads\/2023\/02\/SooduskaartSaare-Kutus-esikulg2-768x486.jpg 768w, https:\/\/www.saarekytus.ee\/wp-content\/uploads\/2023\/02\/SooduskaartSaare-Kutus-esikulg2-624x395.jpg 624w, https:\/\/www.saarekytus.ee\/wp-content\/uploads\/2023\/02\/SooduskaartSaare-Kutus-esikulg2.jpg 913w\" sizes=\"auto, (max-width: 300px) 100vw, 300px\" \/><\/p>\n<ul>\n<li>Sek\u00e4 yrityksille ett\u00e4 yksityishenkil\u00f6ille.<\/li>\n<li>AS Saare K\u00fctusen puolesta asiakkaalle annettu kortti <strong>k\u00e4teisell\u00e4<\/strong> tai <strong>korttilla <\/strong> maksamiseksi kaikilla huoltoasemillamme.<\/li>\n<li>Antaa oikeuden vakinaisen asiakkaan alennuksiin.<\/li>\n<li>Alennus <strong>3 sentti\u00e4 <\/strong>polttoainelitran v\u00e4hitt\u00e4ismyyntihinnasta.<\/li>\n<\/ul>\n<p>Etukortin k\u00e4ytt\u00e4misen sopimuksen saa tehd\u00e4 kaikilla Saare K\u00fctusen huoltoasemilla.<br \/>\nKortti maksaa \u20ac 1.50 ja sen saa heti k\u00e4teen.<\/p>\n<p>Yksityisasiakkailla on mahdollisuus rekister\u00f6id\u00e4 henkil\u00f6korttinsa Saare K\u00fctusen alennuskortiksi. Henkil\u00f6kortti toimii kanta-asiakaskorttina kaikilla Saare K\u00fctusen huoltoasemilla ja oikeuttaa kanta-asiakasalennuksiin.<\/p>\n","protected":false},"excerpt":{"rendered":"<p>Sek\u00e4 yrityksille ett\u00e4 yksityishenkil\u00f6ille. AS Saare K\u00fctusen puolesta asiakkaalle annettu kortti k\u00e4teisell\u00e4 tai korttilla maksamiseksi kaikilla huoltoasemillamme. Antaa oikeuden vakinaisen asiakkaan alennuksiin. Alennus 3 sentti\u00e4 polttoainelitran v\u00e4hitt\u00e4ismyyntihinnasta. Etukortin k\u00e4ytt\u00e4misen sopimuksen saa tehd\u00e4 kaikilla Saare K\u00fctusen huoltoasemilla. Kortti maksaa \u20ac 1.50 ja sen saa heti k\u00e4teen. Yksityisasiakkailla on mahdollisuus rekister\u00f6id\u00e4 henkil\u00f6korttinsa Saare K\u00fctusen alennuskortiksi. Henkil\u00f6kortti toimii [&hellip;]<\/p>\n","protected":false},"author":1,"featured_media":0,"parent":2760,"menu_order":10,"comment_status":"closed","ping_status":"closed","template":"","meta":{"footnotes":"","_links_to":"","_links_to_target":""},"class_list":["post-2766","page","type-page","status-publish","hentry"],"_links":{"self":[{"href":"https:\/\/www.saarekytus.ee\/fi\/wp-json\/wp\/v2\/pages\/2766","targetHints":{"allow":["GET"]}}],"collection":[{"href":"https:\/\/www.saarekytus.ee\/fi\/wp-json\/wp\/v2\/pages"}],"about":[{"href":"https:\/\/www.saarekytus.ee\/fi\/wp-json\/wp\/v2\/types\/page"}],"author":[{"embeddable":true,"href":"https:\/\/www.saarekytus.ee\/fi\/wp-json\/wp\/v2\/users\/1"}],"replies":[{"embeddable":true,"href":"https:\/\/www.saarekytus.ee\/fi\/wp-json\/wp\/v2\/comments?post=2766"}],"version-history":[{"count":5,"href":"https:\/\/www.saarekytus.ee\/fi\/wp-json\/wp\/v2\/pages\/2766\/revisions"}],"predecessor-version":[{"id":3475,"href":"https:\/\/www.saarekytus.ee\/fi\/wp-json\/wp\/v2\/pages\/2766\/revisions\/3475"}],"up":[{"embeddable":true,"href":"https:\/\/www.saarekytus.ee\/fi\/wp-json\/wp\/v2\/pages\/2760"}],"wp:attachment":[{"href":"https:\/\/www.saarekytus.ee\/fi\/wp-json\/wp\/v2\/media?parent=2766"}],"curies":[{"name":"wp","href":"https:\/\/api.w.org\/{rel}","templated":true}]}}