{"id":2776,"date":"2013-06-27T19:15:22","date_gmt":"2013-06-27T16:15:22","guid":{"rendered":"https:\/\/www.saarekytus.ee\/kortit\/kliendikaart\/"},"modified":"2024-06-01T10:07:39","modified_gmt":"2024-06-01T07:07:39","slug":"asiakaskortti","status":"publish","type":"page","link":"https:\/\/www.saarekytus.ee\/fi\/kortit\/asiakaskortti\/","title":{"rendered":"Asiakaskortti"},"content":{"rendered":"<p><img loading=\"lazy\" decoding=\"async\" class=\"alignright wp-image-1936 size-medium\" src=\"https:\/\/www.saarekytus.ee\/wp-content\/uploads\/2023\/02\/Kliendikaart-esikulg-300x190.jpg\" alt=\"\" width=\"300\" height=\"190\" srcset=\"https:\/\/www.saarekytus.ee\/wp-content\/uploads\/2023\/02\/Kliendikaart-esikulg-300x190.jpg 300w, https:\/\/www.saarekytus.ee\/wp-content\/uploads\/2023\/02\/Kliendikaart-esikulg-768x487.jpg 768w, https:\/\/www.saarekytus.ee\/wp-content\/uploads\/2023\/02\/Kliendikaart-esikulg-624x396.jpg 624w, https:\/\/www.saarekytus.ee\/wp-content\/uploads\/2023\/02\/Kliendikaart-esikulg.jpg 914w\" sizes=\"auto, (max-width: 300px) 100vw, 300px\" \/><\/p>\n<p>Saare K\u00fctusen asiakaskortilla saa ostaa hyv\u00e4laatuisia polttoaineit\u00e4 <a href=\"https:\/\/www.saarekytus.ee\/fi\/kortit\/huoltoasemat-ja-myyntipisteet\/\">Saarenmaalla ja manner-Virossa<\/a>. Lis\u00e4ksi saa asiakaskortilla maksaa kaikista huoltoasemilla tarjoittavista palveluista ja tavaroista.<\/p>\n<p><strong>Asiakaskortilla:<\/strong><\/p>\n<ul>\n<li>Saa pysyv\u00e4n polttoaineiden hinnanedun.<\/li>\n<li>Yrityksenne kirjanpito yksinkertaistuu, kerran kuukaudessa tai sopimuksen mukaan teille l\u00e4hetet\u00e4\u00e4n lasku-selostus, josta n\u00e4kyy, miss\u00e4, milloin ja mit\u00e4 kortilla on ostettu.<\/li>\n<li>Saa m\u00e4\u00e4ritt\u00e4\u00e4 joka kortille kuukauden luottorajan; n\u00e4in johdatte parmmin yrityksenne kustannuksia.<\/li>\n<li>Ei en\u00e4\u00e4 h\u00e4iritsevi\u00e4 k\u00e4teisell\u00e4 maksamista.<\/li>\n<li>Saatte keskitt\u00e4yty\u00e4 p\u00e4\u00e4ty\u00f6h\u00f6nne, koska tankkaaminen tapahtuu nopeasti ja mukavasti.<\/li>\n<\/ul>\n<p><strong>Asiakaskortin saamiseksi teid\u00e4n t\u00e4ytyy tehd\u00e4 sopimus.<\/strong><\/p>\n<p>Lis\u00e4tietoa: puh +372 453 3867, <a href=\"mailto:klient@saarekytus.ee\">klient@saarekytus.ee<\/a><\/p>\n<p>&nbsp;<\/p>\n","protected":false},"excerpt":{"rendered":"<p>Saare K\u00fctusen asiakaskortilla saa ostaa hyv\u00e4laatuisia polttoaineit\u00e4 Saarenmaalla ja manner-Virossa. Lis\u00e4ksi saa asiakaskortilla maksaa kaikista huoltoasemilla tarjoittavista palveluista ja tavaroista. Asiakaskortilla: Saa pysyv\u00e4n polttoaineiden hinnanedun. Yrityksenne kirjanpito yksinkertaistuu, kerran kuukaudessa tai sopimuksen mukaan teille l\u00e4hetet\u00e4\u00e4n lasku-selostus, josta n\u00e4kyy, miss\u00e4, milloin ja mit\u00e4 kortilla on ostettu. Saa m\u00e4\u00e4ritt\u00e4\u00e4 joka kortille kuukauden luottorajan; n\u00e4in johdatte parmmin yrityksenne [&hellip;]<\/p>\n","protected":false},"author":1,"featured_media":0,"parent":2760,"menu_order":20,"comment_status":"closed","ping_status":"closed","template":"","meta":{"footnotes":"","_links_to":"","_links_to_target":""},"class_list":["post-2776","page","type-page","status-publish","hentry"],"_links":{"self":[{"href":"https:\/\/www.saarekytus.ee\/fi\/wp-json\/wp\/v2\/pages\/2776","targetHints":{"allow":["GET"]}}],"collection":[{"href":"https:\/\/www.saarekytus.ee\/fi\/wp-json\/wp\/v2\/pages"}],"about":[{"href":"https:\/\/www.saarekytus.ee\/fi\/wp-json\/wp\/v2\/types\/page"}],"author":[{"embeddable":true,"href":"https:\/\/www.saarekytus.ee\/fi\/wp-json\/wp\/v2\/users\/1"}],"replies":[{"embeddable":true,"href":"https:\/\/www.saarekytus.ee\/fi\/wp-json\/wp\/v2\/comments?post=2776"}],"version-history":[{"count":2,"href":"https:\/\/www.saarekytus.ee\/fi\/wp-json\/wp\/v2\/pages\/2776\/revisions"}],"predecessor-version":[{"id":2779,"href":"https:\/\/www.saarekytus.ee\/fi\/wp-json\/wp\/v2\/pages\/2776\/revisions\/2779"}],"up":[{"embeddable":true,"href":"https:\/\/www.saarekytus.ee\/fi\/wp-json\/wp\/v2\/pages\/2760"}],"wp:attachment":[{"href":"https:\/\/www.saarekytus.ee\/fi\/wp-json\/wp\/v2\/media?parent=2776"}],"curies":[{"name":"wp","href":"https:\/\/api.w.org\/{rel}","templated":true}]}}