{"id":2785,"date":"2014-06-08T19:06:10","date_gmt":"2014-06-08T16:06:10","guid":{"rendered":"https:\/\/www.saarekytus.ee\/kortit\/miks-kliendikaart-on-kasulik\/"},"modified":"2024-05-31T17:19:07","modified_gmt":"2024-05-31T14:19:07","slug":"miksi-asiakaskortti-on-hyodyllinen","status":"publish","type":"page","link":"https:\/\/www.saarekytus.ee\/fi\/kortit\/miksi-asiakaskortti-on-hyodyllinen\/","title":{"rendered":"Miksi asiakaskortti on hy\u00f6dyllinen"},"content":{"rendered":"<p><!--:--><!--:fi--><strong>Asiakaskortilla:<\/strong><\/p>\n<ul>\n<li>Saa pysyv\u00e4n polttoaineiden hinnanedun.<\/li>\n<li>Yrityksenne kirjanpito yksinkertaistuu, kerran kuukaudessa tai sopimuksen mukaan teille l\u00e4hetet\u00e4\u00e4n lasku-selostus, josta n\u00e4kyy, miss\u00e4, milloin ja mit\u00e4 kortilla on ostettu.<\/li>\n<li>Saa m\u00e4\u00e4ritt\u00e4\u00e4 joka kortille kuukauden luottorajan; n\u00e4in johdatte parmmin yrityksenne kustannuksia.<\/li>\n<li>Ei en\u00e4\u00e4 h\u00e4iritsevi\u00e4 k\u00e4teisell\u00e4 maksamista.<\/li>\n<li>Saatte keskitt\u00e4yty\u00e4 p\u00e4\u00e4ty\u00f6h\u00f6nne, koska tankkaaminen tapahtuu nopeasti ja mukavasti.<\/li>\n<\/ul>\n","protected":false},"excerpt":{"rendered":"<p>Asiakaskortilla: Saa pysyv\u00e4n polttoaineiden hinnanedun. Yrityksenne kirjanpito yksinkertaistuu, kerran kuukaudessa tai sopimuksen mukaan teille l\u00e4hetet\u00e4\u00e4n lasku-selostus, josta n\u00e4kyy, miss\u00e4, milloin ja mit\u00e4 kortilla on ostettu. Saa m\u00e4\u00e4ritt\u00e4\u00e4 joka kortille kuukauden luottorajan; n\u00e4in johdatte parmmin yrityksenne kustannuksia. Ei en\u00e4\u00e4 h\u00e4iritsevi\u00e4 k\u00e4teisell\u00e4 maksamista. Saatte keskitt\u00e4yty\u00e4 p\u00e4\u00e4ty\u00f6h\u00f6nne, koska tankkaaminen tapahtuu nopeasti ja mukavasti.<\/p>\n","protected":false},"author":1,"featured_media":0,"parent":2760,"menu_order":55,"comment_status":"closed","ping_status":"closed","template":"","meta":{"footnotes":"","_links_to":"","_links_to_target":""},"class_list":["post-2785","page","type-page","status-publish","hentry"],"_links":{"self":[{"href":"https:\/\/www.saarekytus.ee\/fi\/wp-json\/wp\/v2\/pages\/2785","targetHints":{"allow":["GET"]}}],"collection":[{"href":"https:\/\/www.saarekytus.ee\/fi\/wp-json\/wp\/v2\/pages"}],"about":[{"href":"https:\/\/www.saarekytus.ee\/fi\/wp-json\/wp\/v2\/types\/page"}],"author":[{"embeddable":true,"href":"https:\/\/www.saarekytus.ee\/fi\/wp-json\/wp\/v2\/users\/1"}],"replies":[{"embeddable":true,"href":"https:\/\/www.saarekytus.ee\/fi\/wp-json\/wp\/v2\/comments?post=2785"}],"version-history":[{"count":2,"href":"https:\/\/www.saarekytus.ee\/fi\/wp-json\/wp\/v2\/pages\/2785\/revisions"}],"predecessor-version":[{"id":2788,"href":"https:\/\/www.saarekytus.ee\/fi\/wp-json\/wp\/v2\/pages\/2785\/revisions\/2788"}],"up":[{"embeddable":true,"href":"https:\/\/www.saarekytus.ee\/fi\/wp-json\/wp\/v2\/pages\/2760"}],"wp:attachment":[{"href":"https:\/\/www.saarekytus.ee\/fi\/wp-json\/wp\/v2\/media?parent=2785"}],"curies":[{"name":"wp","href":"https:\/\/api.w.org\/{rel}","templated":true}]}}