{"id":2801,"date":"2013-06-15T14:00:05","date_gmt":"2013-06-15T11:00:05","guid":{"rendered":"https:\/\/www.saarekytus.ee\/kontakt\/"},"modified":"2024-05-31T18:20:25","modified_gmt":"2024-05-31T15:20:25","slug":"yhteystiedot","status":"publish","type":"page","link":"https:\/\/www.saarekytus.ee\/fi\/yhteystiedot\/","title":{"rendered":"Yhteystiedot"},"content":{"rendered":"<table style=\"width: 100%;\" border=\"0\" cellspacing=\"0\" cellpadding=\"3\">\n<tbody>\n<tr>\n<td colspan=\"2\">\n<h3>Saare K\u00fctus AS<\/h3>\n<\/td>\n<\/tr>\n<tr>\n<td width=\"20%\">Rekisterinumero:<\/td>\n<td width=\"80%\">10185976<\/td>\n<\/tr>\n<tr>\n<td>Osoite:<\/td>\n<td>Roomassaare tee 6, Kuressaare, 93815 Saaremaa, Viro<\/td>\n<\/tr>\n<tr>\n<td>Puhelin:<\/td>\n<td>+372 453 3866<\/td>\n<\/tr>\n<tr>\n<td>Faks:<\/td>\n<td>+372 453 3869<\/td>\n<\/tr>\n<tr>\n<td>S\u00e4hk\u00f6posti:<\/td>\n<td><a href=\"mailto:info@saarekytus.ee\">info@saarekytus.ee<\/a><\/td>\n<\/tr>\n<tr>\n<td colspan=\"2\">\n<h3>Tukkukaupa<\/h3>\n<\/td>\n<\/tr>\n<tr>\n<td>Puhelin:<\/td>\n<td>+372 453 3868<\/td>\n<\/tr>\n<tr>\n<td>S\u00e4hk\u00f6posti:<\/td>\n<td><a href=\"mailto:hulgi@saarekytus.ee\">hulgi@saarekytus.ee<\/a><\/td>\n<\/tr>\n<tr>\n<td colspan=\"2\">\n<h3>V\u00e4hitt\u00e4ism\u00fc\u00fcnti<\/h3>\n<\/td>\n<\/tr>\n<tr>\n<td>S\u00e4hk\u00f6posti:<\/td>\n<td><a href=\"mailto:tankla@saarekytus.ee\">tankla@saarekytus.ee<\/a><\/td>\n<\/tr>\n<tr>\n<td colspan=\"2\">\n<h3>Asiakaskortti<\/h3>\n<\/td>\n<\/tr>\n<tr>\n<td>Puhelin:<\/td>\n<td>+372 453 3867<\/td>\n<\/tr>\n<tr>\n<td>S\u00e4hk\u00f6posti:<\/td>\n<td><a href=\"mailto:klient@saarekytus.ee\">klient@saarekytus.ee<\/a><\/td>\n<\/tr>\n<\/tbody>\n<\/table>\n","protected":false},"excerpt":{"rendered":"<p>Saare K\u00fctus AS Rekisterinumero: 10185976 Osoite: Roomassaare tee 6, Kuressaare, 93815 Saaremaa, Viro Puhelin: +372 453 3866 Faks: +372 453 3869 S\u00e4hk\u00f6posti: info@saarekytus.ee Tukkukaupa Puhelin: +372 453 3868 S\u00e4hk\u00f6posti: hulgi@saarekytus.ee V\u00e4hitt\u00e4ism\u00fc\u00fcnti S\u00e4hk\u00f6posti: tankla@saarekytus.ee Asiakaskortti Puhelin: +372 453 3867 S\u00e4hk\u00f6posti: klient@saarekytus.ee<\/p>\n","protected":false},"author":1,"featured_media":0,"parent":0,"menu_order":60,"comment_status":"closed","ping_status":"closed","template":"","meta":{"footnotes":"","_links_to":"","_links_to_target":""},"class_list":["post-2801","page","type-page","status-publish","hentry"],"_links":{"self":[{"href":"https:\/\/www.saarekytus.ee\/fi\/wp-json\/wp\/v2\/pages\/2801","targetHints":{"allow":["GET"]}}],"collection":[{"href":"https:\/\/www.saarekytus.ee\/fi\/wp-json\/wp\/v2\/pages"}],"about":[{"href":"https:\/\/www.saarekytus.ee\/fi\/wp-json\/wp\/v2\/types\/page"}],"author":[{"embeddable":true,"href":"https:\/\/www.saarekytus.ee\/fi\/wp-json\/wp\/v2\/users\/1"}],"replies":[{"embeddable":true,"href":"https:\/\/www.saarekytus.ee\/fi\/wp-json\/wp\/v2\/comments?post=2801"}],"version-history":[{"count":2,"href":"https:\/\/www.saarekytus.ee\/fi\/wp-json\/wp\/v2\/pages\/2801\/revisions"}],"predecessor-version":[{"id":2804,"href":"https:\/\/www.saarekytus.ee\/fi\/wp-json\/wp\/v2\/pages\/2801\/revisions\/2804"}],"wp:attachment":[{"href":"https:\/\/www.saarekytus.ee\/fi\/wp-json\/wp\/v2\/media?parent=2801"}],"curies":[{"name":"wp","href":"https:\/\/api.w.org\/{rel}","templated":true}]}}